{"id":11,"date":"2024-09-08T10:37:26","date_gmt":"2024-09-08T10:37:26","guid":{"rendered":"https:\/\/nkbuna.hr\/?page_id=11"},"modified":"2024-09-10T17:51:41","modified_gmt":"2024-09-10T17:51:41","slug":"kontakti","status":"publish","type":"page","link":"https:\/\/nkbuna.hr\/index.php\/kontakti\/","title":{"rendered":"Kontakti"},"content":{"rendered":"\n<figure class=\"wp-block-table aligncenter is-style-stripes\"><table class=\"has-fixed-layout\"><tbody><tr><td><strong>Ime i prezime<\/strong><\/td><td class=\"has-text-align-center\" data-align=\"center\"><strong>Funkcija<\/strong><\/td><td class=\"has-text-align-left\" data-align=\"left\"><strong>e-mail<\/strong><\/td><\/tr><tr><td><img loading=\"lazy\" decoding=\"async\" width=\"150\" height=\"150\" class=\"wp-image-71\" style=\"width: 150px;\" src=\"https:\/\/nkbuna.hr\/wp-content\/uploads\/2024\/09\/Slika-za-NK-Bunu-1-scaled-e1725987880466.jpg\" alt=\"\" srcset=\"https:\/\/nkbuna.hr\/wp-content\/uploads\/2024\/09\/Slika-za-NK-Bunu-1-scaled-e1725987880466.jpg 600w, https:\/\/nkbuna.hr\/wp-content\/uploads\/2024\/09\/Slika-za-NK-Bunu-1-scaled-e1725987880466-300x300.jpg 300w, https:\/\/nkbuna.hr\/wp-content\/uploads\/2024\/09\/Slika-za-NK-Bunu-1-scaled-e1725987880466-150x150.jpg 150w\" sizes=\"auto, (max-width: 150px) 100vw, 150px\" \/> Josip Jerlekovi\u0107<\/td><td class=\"has-text-align-center\" data-align=\"center\">predsjednik<\/td><td class=\"has-text-align-left\" data-align=\"left\">predsjednik@nkbuna.hr<\/td><\/tr><tr><td><img loading=\"lazy\" decoding=\"async\" width=\"150\" height=\"150\" class=\"wp-image-96\" style=\"width: 150px;\" src=\"https:\/\/nkbuna.hr\/wp-content\/uploads\/2024\/09\/image_2024-09-10_195105416-e1725990696915.png\" alt=\"\" srcset=\"https:\/\/nkbuna.hr\/wp-content\/uploads\/2024\/09\/image_2024-09-10_195105416-e1725990696915.png 400w, https:\/\/nkbuna.hr\/wp-content\/uploads\/2024\/09\/image_2024-09-10_195105416-e1725990696915-300x300.png 300w, https:\/\/nkbuna.hr\/wp-content\/uploads\/2024\/09\/image_2024-09-10_195105416-e1725990696915-150x150.png 150w\" sizes=\"auto, (max-width: 150px) 100vw, 150px\" \/>  Zlatko Petrac<\/td><td class=\"has-text-align-center\" data-align=\"center\">tajnik<\/td><td class=\"has-text-align-left\" data-align=\"left\">tajnistvo@nkbuna.hr<\/td><\/tr><tr><td><img loading=\"lazy\" decoding=\"async\" width=\"150\" height=\"150\" class=\"wp-image-84\" style=\"width: 150px;\" src=\"https:\/\/nkbuna.hr\/wp-content\/uploads\/2024\/09\/Igor-slika-2-e1725987797303.jpg\" alt=\"\" srcset=\"https:\/\/nkbuna.hr\/wp-content\/uploads\/2024\/09\/Igor-slika-2-e1725987797303.jpg 901w, https:\/\/nkbuna.hr\/wp-content\/uploads\/2024\/09\/Igor-slika-2-e1725987797303-300x300.jpg 300w, https:\/\/nkbuna.hr\/wp-content\/uploads\/2024\/09\/Igor-slika-2-e1725987797303-150x150.jpg 150w, https:\/\/nkbuna.hr\/wp-content\/uploads\/2024\/09\/Igor-slika-2-e1725987797303-768x768.jpg 768w\" sizes=\"auto, (max-width: 150px) 100vw, 150px\" \/> Igor Pape\u0161<\/td><td class=\"has-text-align-center\" data-align=\"center\">marketing<\/td><td class=\"has-text-align-left\" data-align=\"left\">marketing@nkbuna.hr<\/td><\/tr><tr><td>Marko \u0110ura\u0161in<\/td><td class=\"has-text-align-center\" data-align=\"center\">financije<\/td><td class=\"has-text-align-left\" data-align=\"left\">financije@nkbuna.hr<\/td><\/tr><tr><td>Mario \u0110ureti\u0107<\/td><td class=\"has-text-align-center\" data-align=\"center\">voditelj \u0161kole nogometa<\/td><td class=\"has-text-align-left\" data-align=\"left\">voditeljskole@nk.buna.hr<\/td><\/tr><tr><td><\/td><td class=\"has-text-align-center\" data-align=\"center\"><\/td><td class=\"has-text-align-left\" data-align=\"left\"><\/td><\/tr><\/tbody><\/table><\/figure>\n","protected":false},"excerpt":{"rendered":"<p>Ime i prezime Funkcija e-mail Josip Jerlekovi\u0107 predsjednik predsjednik@nkbuna.hr Zlatko Petrac tajnik tajnistvo@nkbuna.hr Igor Pape\u0161 marketing marketing@nkbuna.hr Marko \u0110ura\u0161in financije financije@nkbuna.hr Mario \u0110ureti\u0107 voditelj \u0161kole nogometa voditeljskole@nk.buna.hr<\/p>\n","protected":false},"author":1,"featured_media":26,"parent":0,"menu_order":0,"comment_status":"closed","ping_status":"closed","template":"","meta":{"footnotes":""},"class_list":["post-11","page","type-page","status-publish","has-post-thumbnail","hentry"],"_links":{"self":[{"href":"https:\/\/nkbuna.hr\/index.php\/wp-json\/wp\/v2\/pages\/11","targetHints":{"allow":["GET"]}}],"collection":[{"href":"https:\/\/nkbuna.hr\/index.php\/wp-json\/wp\/v2\/pages"}],"about":[{"href":"https:\/\/nkbuna.hr\/index.php\/wp-json\/wp\/v2\/types\/page"}],"author":[{"embeddable":true,"href":"https:\/\/nkbuna.hr\/index.php\/wp-json\/wp\/v2\/users\/1"}],"replies":[{"embeddable":true,"href":"https:\/\/nkbuna.hr\/index.php\/wp-json\/wp\/v2\/comments?post=11"}],"version-history":[{"count":10,"href":"https:\/\/nkbuna.hr\/index.php\/wp-json\/wp\/v2\/pages\/11\/revisions"}],"predecessor-version":[{"id":97,"href":"https:\/\/nkbuna.hr\/index.php\/wp-json\/wp\/v2\/pages\/11\/revisions\/97"}],"wp:featuredmedia":[{"embeddable":true,"href":"https:\/\/nkbuna.hr\/index.php\/wp-json\/wp\/v2\/media\/26"}],"wp:attachment":[{"href":"https:\/\/nkbuna.hr\/index.php\/wp-json\/wp\/v2\/media?parent=11"}],"curies":[{"name":"wp","href":"https:\/\/api.w.org\/{rel}","templated":true}]}}